{"id":14756,"date":"2022-10-13T13:29:42","date_gmt":"2022-10-13T10:29:42","guid":{"rendered":"http:\/\/divanyapimalzemeleri.com\/?post_type=product&#038;p=14756"},"modified":"2022-10-13T13:32:23","modified_gmt":"2022-10-13T10:32:23","slug":"3023-izolatex-yari-esnek-su-yalitim-harci","status":"publish","type":"product","link":"https:\/\/divanyapimalzemeleri.com.tr\/index.php\/urun\/3023-izolatex-yari-esnek-su-yalitim-harci\/","title":{"rendered":"3023 \u0130zolatex Yar\u0131 Esnek Su Yal\u0131t\u0131m Harc\u0131"},"content":{"rendered":"<div class=\"col-md-6 p-3\">\n<p class=\"text-dark font-secondary-semibold\">Tan\u0131m<\/p>\n<p class=\"remove-br\">\u2022 Yar\u0131 esnek elastik, i\u00e7 ve d\u0131\u015f mekanlarda uygulanabilen, em\u00fclsiyon polimer esasl\u0131 s\u0131v\u0131 bile\u015fen, su ge\u00e7irimsizli\u011fi ve i\u015flenebilirli\u011fi art\u0131r\u0131c\u0131 kimyasal katk\u0131lar i\u00e7eren \u00e7imento esasl\u0131 toz bile\u015fenden olu\u015fan, su yal\u0131t\u0131m ve beton koruma harc\u0131d\u0131r.<\/p>\n<\/div>\n<div class=\"col-md-6 p-3\">\n<p class=\"text-dark font-secondary-semibold\">Ambalaj<\/p>\n<p class=\"remove-br\">\u2022 Toz: 20 kg kraft torba,<br \/>\n\u2022 S\u0131v\u0131: 5 lt plastik bidon,<br \/>\n\u2022 25 kg\u2019l\u0131k set.<\/p>\n<\/div>\n<div class=\"col-md-6 p-3\">\n<p class=\"text-dark font-secondary-semibold\">Kullan\u0131m Alan\u0131<\/p>\n<p class=\"remove-br\">\u2022 Banyo, du\u015f, WC gibi \u0131slak hacimli mekanlarda,<br \/>\n\u2022 Teraslarda, balkonlarda,<br \/>\n\u2022 Temel ve perde duvarlara,<br \/>\n\u2022 Havuz, su deposu gibi daimi \u0131slak b\u00f6lgelerde,<br \/>\n\u2022 Beton, s\u0131va, \u015fap gibi y\u00fczeyler \u00fczerine uygulan\u0131r.<\/p>\n<\/div>\n<div class=\"col-md-6 p-3\">\n<p class=\"text-dark font-secondary-semibold\">\u00d6zellikler<\/p>\n<p class=\"remove-br\">\n<p>\u2022 Seramik kaplama veya \u015fap \u00f6ncesi ideal su yal\u0131t\u0131m malzemesidir.<\/p>\n<p>\u2022 i\u00e7me suyu depolar\u0131nda kullan\u0131ma uygundur.<\/p>\n<p>\u2022 Y\u00fcksek tutunma g\u00fcc\u00fcne sahiptir.<\/p>\n<p>\u2022 Donat\u0131 veya \u00e7elik i\u00e7in korozif de\u011fildir.<\/p>\n<p>\u2022 Yatay ve d\u00fc\u015fey y\u00fczeylerde uygulanabilir.<\/p>\n<p>\u2022 Betonda karbonatla\u015fmay\u0131 engeller.<\/p>\n<p>\u2022 Donma-\u00e7\u00f6z\u00fcnmeye kar\u015f\u0131 dayan\u0131kl\u0131d\u0131r.<\/p>\n<p>\u2022 F\u0131r\u00e7a, mala, rulo veya sprey ile kolay uygulan\u0131r.<\/p>\n<\/div>\n","protected":false},"excerpt":{"rendered":"<p><a href=\"https:\/\/wa.me\/905374094284\"><img fetchpriority=\"high\" decoding=\"async\" class=\"alignnone wp-image-9058 size-medium\" src=\"http:\/\/divanyapimalzemeleri.com\/wp-content\/uploads\/2022\/08\/2073600-400x148.png\" alt=\"\" width=\"400\" height=\"148\" srcset=\"https:\/\/divanyapimalzemeleri.com.tr\/wp-content\/uploads\/2022\/08\/2073600-400x148.png 400w, https:\/\/divanyapimalzemeleri.com.tr\/wp-content\/uploads\/2022\/08\/2073600-430x159.png 430w, https:\/\/divanyapimalzemeleri.com.tr\/wp-content\/uploads\/2022\/08\/2073600-150x56.png 150w, https:\/\/divanyapimalzemeleri.com.tr\/wp-content\/uploads\/2022\/08\/2073600-700x260.png 700w, https:\/\/divanyapimalzemeleri.com.tr\/wp-content\/uploads\/2022\/08\/2073600-1300x482.png 1300w, https:\/\/divanyapimalzemeleri.com.tr\/wp-content\/uploads\/2022\/08\/2073600-768x285.png 768w, https:\/\/divanyapimalzemeleri.com.tr\/wp-content\/uploads\/2022\/08\/2073600-1536x570.png 1536w, https:\/\/divanyapimalzemeleri.com.tr\/wp-content\/uploads\/2022\/08\/2073600-860x319.png 860w, https:\/\/divanyapimalzemeleri.com.tr\/wp-content\/uploads\/2022\/08\/2073600.png 1920w\" sizes=\"(max-width: 400px) 100vw, 400px\" \/><\/a><\/p>\n<p><strong>Teknik \u00d6zellikleri<\/strong>\u00a0(23\u00b0C ve %50 Ba\u011f\u0131l Nem)<\/p>\n<p><strong>Genel Bilgiler<\/strong><\/p>\n<p>\u2022 G\u00f6r\u00fcn\u00fcm:<\/p>\n<p>1. Bile\u015fen: Gri veya Beyaz toz<\/p>\n<p>2. Bile\u015fen: Beyaz s\u0131v\u0131<\/p>\n<p>\u2022 Raf \u00d6mr\u00fc (Toz ve S\u0131v\u0131)<\/p>\n<p>\u2022 A\u00e7\u0131lmam\u0131\u015f ambalaj\u0131nda kuru ortamda 12 ay<\/p>\n<p><strong>Uygulama Bilgileri<\/strong><\/p>\n<p>\u2022 Uygulama S\u0131cakl\u0131\u011f\u0131: (+5\u00b0C) &#8211; (+35\u00b0C)<\/p>\n<p>\u2022 Kar\u0131\u015f\u0131m Oran\u0131: 5 lt s\u0131v\u0131 \/ 20 kg toz<\/p>\n<p>\u2022 Kar\u0131\u015ft\u0131rma: ~3 dk. Maks. 500 devir\/dk. kar\u0131\u015ft\u0131r\u0131c\u0131 ile<\/p>\n<p>\u2022 Kap \u00d6mr\u00fc: 2 saat<\/p>\n<p>\u2022 T\u00fcketim: (Ortalama) 1,7 kg\/m\u00b2 (1 mm kal\u0131nl\u0131k i\u00e7in)<\/p>\n<p>\u2022 Katlar Aras\u0131 Bekleme S\u00fcresi: 5-6 saat<\/p>\n<p>\u2022\u00a0\u00dczerine Kaplama Yap\u0131lmadan \u00d6nce Bekleme S\u00fcresi : Min. 3 g\u00fcn<\/p>\n<p>\u2022\u00a0Su Ge\u00e7irimsiz Hale Gelme S\u00fcresi : 7 g\u00fcn<\/p>\n<p><strong>Performans Bilgileri<\/strong><\/p>\n<p>\u2022 Su Ge\u00e7irimsizlik: (3 mm kal\u0131nl\u0131k i\u00e7in) \u2265 2 bar (pozitif)<\/p>\n<p>\u2022 Yap\u0131\u015fma Mukavemeti (EN 1542): \u2265 1,00 N\/mm\u00b2 Buz \u00c7\u00f6z\u00fcc\u00fc Tuz Etkisi Olmaks\u0131z\u0131n<\/p>\n<p>\u2022 Yap\u0131\u015fma Mukavemeti (EN 13687-3\/ EN 1542): \u2265 1,00 N\/mm\u00b2<\/p>\n<p>\u2022 Is\u0131l Ya\u015fland\u0131rma Sonras\u0131 Yap\u0131\u015fma Dayan\u0131m\u0131 (EN 1062-11\/EN 1542): \u2265 1,00 N\/mm\u00b2<\/p>\n<p>\u2022 Su Buhar\u0131 Ge\u00e7irgenli\u011fi (EN ISO 7783): S\u0131n\u0131f I; Sd &lt;5 (Sd: E\u015f de\u011fer hava tabakas\u0131 kal\u0131nl\u0131\u011f\u0131)<\/p>\n<p>\u2022 Kapiler Su Emme De\u011feri (EN 1062-3): &lt; 0,1 kg\/m\u00b2h<sup>0.5<\/sup><\/p>\n<p>\u2022 S\u0131cakl\u0131k Dayan\u0131m\u0131 (-30\u00b0C) &#8211; (+80\u00b0C)<\/p>\n<p>\u2022 Tehlikeli Maddeler G\u00fcvenlik Bilgi Formu\u2019na bak\u0131n\u0131z.<\/p>\n<p>\u2022 Yang\u0131na Tepki Avrupa s\u0131n\u0131f\u0131 Bs1d0<\/p>\n","protected":false},"featured_media":14760,"template":"","meta":[],"product_cat":[188,89,84],"product_tag":[190,189,115],"class_list":{"0":"post-14756","1":"product","2":"type-product","3":"status-publish","4":"has-post-thumbnail","6":"product_cat-kalekim","7":"product_cat-tum-urunler","8":"product_cat-yapi-kimyasallari","9":"product_tag-cimento-esasli-su-yalitim-urunleri","10":"product_tag-kalekim","11":"product_tag-yapi-kimyasallari","13":"first","14":"outofstock","15":"shipping-taxable","16":"product-type-simple"},"yoast_head":"<!-- This site is optimized with the Yoast SEO plugin v23.9 - https:\/\/yoast.com\/wordpress\/plugins\/seo\/ -->\n<title>3023 \u0130zolatex Yar\u0131 Esnek Su Yal\u0131t\u0131m Harc\u0131 - Divan Yap\u0131 Malzemeleri<\/title>\n<meta name=\"robots\" content=\"index, follow, max-snippet:-1, max-image-preview:large, max-video-preview:-1\" \/>\n<link rel=\"canonical\" href=\"https:\/\/divanyapimalzemeleri.com.tr\/index.php\/urun\/3023-izolatex-yari-esnek-su-yalitim-harci\/\" \/>\n<meta property=\"og:locale\" content=\"tr_TR\" \/>\n<meta property=\"og:type\" content=\"article\" \/>\n<meta property=\"og:title\" content=\"3023 \u0130zolatex Yar\u0131 Esnek Su Yal\u0131t\u0131m Harc\u0131 - Divan Yap\u0131 Malzemeleri\" \/>\n<meta property=\"og:description\" content=\"Teknik \u00d6zellikleri\u00a0(23\u00b0C ve %50 Ba\u011f\u0131l Nem)  Genel Bilgiler  \u2022 G\u00f6r\u00fcn\u00fcm:  1. Bile\u015fen: Gri veya Beyaz toz  2. Bile\u015fen: Beyaz s\u0131v\u0131  \u2022 Raf \u00d6mr\u00fc (Toz ve S\u0131v\u0131)  \u2022 A\u00e7\u0131lmam\u0131\u015f ambalaj\u0131nda kuru ortamda 12 ay  Uygulama Bilgileri  \u2022 Uygulama S\u0131cakl\u0131\u011f\u0131: (+5\u00b0C) - (+35\u00b0C)  \u2022 Kar\u0131\u015f\u0131m Oran\u0131: 5 lt s\u0131v\u0131 \/ 20 kg toz  \u2022 Kar\u0131\u015ft\u0131rma: ~3 dk. Maks. 500 devir\/dk. kar\u0131\u015ft\u0131r\u0131c\u0131 ile  \u2022 Kap \u00d6mr\u00fc: 2 saat  \u2022 T\u00fcketim: (Ortalama) 1,7 kg\/m\u00b2 (1 mm kal\u0131nl\u0131k i\u00e7in)  \u2022 Katlar Aras\u0131 Bekleme S\u00fcresi: 5-6 saat  \u2022\u00a0\u00dczerine Kaplama Yap\u0131lmadan \u00d6nce Bekleme S\u00fcresi : Min. 3 g\u00fcn  \u2022\u00a0Su Ge\u00e7irimsiz Hale Gelme S\u00fcresi : 7 g\u00fcn  Performans Bilgileri  \u2022 Su Ge\u00e7irimsizlik: (3 mm kal\u0131nl\u0131k i\u00e7in) \u2265 2 bar (pozitif)  \u2022 Yap\u0131\u015fma Mukavemeti (EN 1542): \u2265 1,00 N\/mm\u00b2 Buz \u00c7\u00f6z\u00fcc\u00fc Tuz Etkisi Olmaks\u0131z\u0131n  \u2022 Yap\u0131\u015fma Mukavemeti (EN 13687-3\/ EN 1542): \u2265 1,00 N\/mm\u00b2  \u2022 Is\u0131l Ya\u015fland\u0131rma Sonras\u0131 Yap\u0131\u015fma Dayan\u0131m\u0131 (EN 1062-11\/EN 1542): \u2265 1,00 N\/mm\u00b2  \u2022 Su Buhar\u0131 Ge\u00e7irgenli\u011fi (EN ISO 7783): S\u0131n\u0131f I; Sd &lt;5 (Sd: E\u015f de\u011fer hava tabakas\u0131 kal\u0131nl\u0131\u011f\u0131)  \u2022 Kapiler Su Emme De\u011feri (EN 1062-3): &lt; 0,1 kg\/m\u00b2h0.5  \u2022 S\u0131cakl\u0131k Dayan\u0131m\u0131 (-30\u00b0C) - (+80\u00b0C)  \u2022 Tehlikeli Maddeler G\u00fcvenlik Bilgi Formu\u2019na bak\u0131n\u0131z.  \u2022 Yang\u0131na Tepki Avrupa s\u0131n\u0131f\u0131 Bs1d0\" \/>\n<meta property=\"og:url\" content=\"https:\/\/divanyapimalzemeleri.com.tr\/index.php\/urun\/3023-izolatex-yari-esnek-su-yalitim-harci\/\" \/>\n<meta property=\"og:site_name\" content=\"Divan Yap\u0131 Malzemeleri\" \/>\n<meta property=\"article:modified_time\" content=\"2022-10-13T10:32:23+00:00\" \/>\n<meta property=\"og:image\" content=\"https:\/\/divanyapimalzemeleri.com.tr\/wp-content\/uploads\/2022\/10\/3023izolatexset.png\" \/>\n\t<meta property=\"og:image:width\" content=\"580\" \/>\n\t<meta property=\"og:image:height\" content=\"500\" \/>\n\t<meta property=\"og:image:type\" content=\"image\/png\" \/>\n<meta name=\"twitter:card\" content=\"summary_large_image\" \/>\n<meta name=\"twitter:label1\" content=\"Tahmini okuma s\u00fcresi\" \/>\n\t<meta name=\"twitter:data1\" content=\"1 dakika\" \/>\n<script type=\"application\/ld+json\" class=\"yoast-schema-graph\">{\"@context\":\"https:\/\/schema.org\",\"@graph\":[{\"@type\":\"WebPage\",\"@id\":\"https:\/\/divanyapimalzemeleri.com.tr\/index.php\/urun\/3023-izolatex-yari-esnek-su-yalitim-harci\/\",\"url\":\"https:\/\/divanyapimalzemeleri.com.tr\/index.php\/urun\/3023-izolatex-yari-esnek-su-yalitim-harci\/\",\"name\":\"3023 \u0130zolatex Yar\u0131 Esnek Su Yal\u0131t\u0131m Harc\u0131 - Divan Yap\u0131 Malzemeleri\",\"isPartOf\":{\"@id\":\"https:\/\/divanyapimalzemeleri.com.tr\/#website\"},\"primaryImageOfPage\":{\"@id\":\"https:\/\/divanyapimalzemeleri.com.tr\/index.php\/urun\/3023-izolatex-yari-esnek-su-yalitim-harci\/#primaryimage\"},\"image\":{\"@id\":\"https:\/\/divanyapimalzemeleri.com.tr\/index.php\/urun\/3023-izolatex-yari-esnek-su-yalitim-harci\/#primaryimage\"},\"thumbnailUrl\":\"https:\/\/divanyapimalzemeleri.com.tr\/wp-content\/uploads\/2022\/10\/3023izolatexset.png\",\"datePublished\":\"2022-10-13T10:29:42+00:00\",\"dateModified\":\"2022-10-13T10:32:23+00:00\",\"breadcrumb\":{\"@id\":\"https:\/\/divanyapimalzemeleri.com.tr\/index.php\/urun\/3023-izolatex-yari-esnek-su-yalitim-harci\/#breadcrumb\"},\"inLanguage\":\"tr\",\"potentialAction\":[{\"@type\":\"ReadAction\",\"target\":[\"https:\/\/divanyapimalzemeleri.com.tr\/index.php\/urun\/3023-izolatex-yari-esnek-su-yalitim-harci\/\"]}]},{\"@type\":\"ImageObject\",\"inLanguage\":\"tr\",\"@id\":\"https:\/\/divanyapimalzemeleri.com.tr\/index.php\/urun\/3023-izolatex-yari-esnek-su-yalitim-harci\/#primaryimage\",\"url\":\"https:\/\/divanyapimalzemeleri.com.tr\/wp-content\/uploads\/2022\/10\/3023izolatexset.png\",\"contentUrl\":\"https:\/\/divanyapimalzemeleri.com.tr\/wp-content\/uploads\/2022\/10\/3023izolatexset.png\",\"width\":580,\"height\":500},{\"@type\":\"BreadcrumbList\",\"@id\":\"https:\/\/divanyapimalzemeleri.com.tr\/index.php\/urun\/3023-izolatex-yari-esnek-su-yalitim-harci\/#breadcrumb\",\"itemListElement\":[{\"@type\":\"ListItem\",\"position\":1,\"name\":\"Anasayfa\",\"item\":\"https:\/\/divanyapimalzemeleri.com.tr\/\"},{\"@type\":\"ListItem\",\"position\":2,\"name\":\"Ma\u011faza\",\"item\":\"https:\/\/divanyapimalzemeleri.com.tr\/index.php\/magaza\/\"},{\"@type\":\"ListItem\",\"position\":3,\"name\":\"3023 \u0130zolatex Yar\u0131 Esnek Su Yal\u0131t\u0131m Harc\u0131\"}]},{\"@type\":\"WebSite\",\"@id\":\"https:\/\/divanyapimalzemeleri.com.tr\/#website\",\"url\":\"https:\/\/divanyapimalzemeleri.com.tr\/\",\"name\":\"Divan Yap\u0131 Malzemeleri\",\"description\":\"Divan Yap\u0131 Malzemeleri Ankara\",\"publisher\":{\"@id\":\"https:\/\/divanyapimalzemeleri.com.tr\/#organization\"},\"alternateName\":\"Divan Yap\u0131\",\"potentialAction\":[{\"@type\":\"SearchAction\",\"target\":{\"@type\":\"EntryPoint\",\"urlTemplate\":\"https:\/\/divanyapimalzemeleri.com.tr\/?s={search_term_string}\"},\"query-input\":{\"@type\":\"PropertyValueSpecification\",\"valueRequired\":true,\"valueName\":\"search_term_string\"}}],\"inLanguage\":\"tr\"},{\"@type\":\"Organization\",\"@id\":\"https:\/\/divanyapimalzemeleri.com.tr\/#organization\",\"name\":\"Divan Yap\u0131 Malzemeleri\",\"alternateName\":\"Divan Yap\u0131\",\"url\":\"https:\/\/divanyapimalzemeleri.com.tr\/\",\"logo\":{\"@type\":\"ImageObject\",\"inLanguage\":\"tr\",\"@id\":\"https:\/\/divanyapimalzemeleri.com.tr\/#\/schema\/logo\/image\/\",\"url\":\"https:\/\/divanyapimalzemeleri.com.tr\/wp-content\/uploads\/2024\/04\/logo-2.png\",\"contentUrl\":\"https:\/\/divanyapimalzemeleri.com.tr\/wp-content\/uploads\/2024\/04\/logo-2.png\",\"width\":675,\"height\":207,\"caption\":\"Divan Yap\u0131 Malzemeleri\"},\"image\":{\"@id\":\"https:\/\/divanyapimalzemeleri.com.tr\/#\/schema\/logo\/image\/\"}}]}<\/script>\n<!-- \/ Yoast SEO plugin. -->","yoast_head_json":{"title":"3023 \u0130zolatex Yar\u0131 Esnek Su Yal\u0131t\u0131m Harc\u0131 - Divan Yap\u0131 Malzemeleri","robots":{"index":"index","follow":"follow","max-snippet":"max-snippet:-1","max-image-preview":"max-image-preview:large","max-video-preview":"max-video-preview:-1"},"canonical":"https:\/\/divanyapimalzemeleri.com.tr\/index.php\/urun\/3023-izolatex-yari-esnek-su-yalitim-harci\/","og_locale":"tr_TR","og_type":"article","og_title":"3023 \u0130zolatex Yar\u0131 Esnek Su Yal\u0131t\u0131m Harc\u0131 - Divan Yap\u0131 Malzemeleri","og_description":"Teknik \u00d6zellikleri\u00a0(23\u00b0C ve %50 Ba\u011f\u0131l Nem)  Genel Bilgiler  \u2022 G\u00f6r\u00fcn\u00fcm:  1. Bile\u015fen: Gri veya Beyaz toz  2. Bile\u015fen: Beyaz s\u0131v\u0131  \u2022 Raf \u00d6mr\u00fc (Toz ve S\u0131v\u0131)  \u2022 A\u00e7\u0131lmam\u0131\u015f ambalaj\u0131nda kuru ortamda 12 ay  Uygulama Bilgileri  \u2022 Uygulama S\u0131cakl\u0131\u011f\u0131: (+5\u00b0C) - (+35\u00b0C)  \u2022 Kar\u0131\u015f\u0131m Oran\u0131: 5 lt s\u0131v\u0131 \/ 20 kg toz  \u2022 Kar\u0131\u015ft\u0131rma: ~3 dk. Maks. 500 devir\/dk. kar\u0131\u015ft\u0131r\u0131c\u0131 ile  \u2022 Kap \u00d6mr\u00fc: 2 saat  \u2022 T\u00fcketim: (Ortalama) 1,7 kg\/m\u00b2 (1 mm kal\u0131nl\u0131k i\u00e7in)  \u2022 Katlar Aras\u0131 Bekleme S\u00fcresi: 5-6 saat  \u2022\u00a0\u00dczerine Kaplama Yap\u0131lmadan \u00d6nce Bekleme S\u00fcresi : Min. 3 g\u00fcn  \u2022\u00a0Su Ge\u00e7irimsiz Hale Gelme S\u00fcresi : 7 g\u00fcn  Performans Bilgileri  \u2022 Su Ge\u00e7irimsizlik: (3 mm kal\u0131nl\u0131k i\u00e7in) \u2265 2 bar (pozitif)  \u2022 Yap\u0131\u015fma Mukavemeti (EN 1542): \u2265 1,00 N\/mm\u00b2 Buz \u00c7\u00f6z\u00fcc\u00fc Tuz Etkisi Olmaks\u0131z\u0131n  \u2022 Yap\u0131\u015fma Mukavemeti (EN 13687-3\/ EN 1542): \u2265 1,00 N\/mm\u00b2  \u2022 Is\u0131l Ya\u015fland\u0131rma Sonras\u0131 Yap\u0131\u015fma Dayan\u0131m\u0131 (EN 1062-11\/EN 1542): \u2265 1,00 N\/mm\u00b2  \u2022 Su Buhar\u0131 Ge\u00e7irgenli\u011fi (EN ISO 7783): S\u0131n\u0131f I; Sd &lt;5 (Sd: E\u015f de\u011fer hava tabakas\u0131 kal\u0131nl\u0131\u011f\u0131)  \u2022 Kapiler Su Emme De\u011feri (EN 1062-3): &lt; 0,1 kg\/m\u00b2h0.5  \u2022 S\u0131cakl\u0131k Dayan\u0131m\u0131 (-30\u00b0C) - (+80\u00b0C)  \u2022 Tehlikeli Maddeler G\u00fcvenlik Bilgi Formu\u2019na bak\u0131n\u0131z.  \u2022 Yang\u0131na Tepki Avrupa s\u0131n\u0131f\u0131 Bs1d0","og_url":"https:\/\/divanyapimalzemeleri.com.tr\/index.php\/urun\/3023-izolatex-yari-esnek-su-yalitim-harci\/","og_site_name":"Divan Yap\u0131 Malzemeleri","article_modified_time":"2022-10-13T10:32:23+00:00","og_image":[{"width":580,"height":500,"url":"https:\/\/divanyapimalzemeleri.com.tr\/wp-content\/uploads\/2022\/10\/3023izolatexset.png","type":"image\/png"}],"twitter_card":"summary_large_image","twitter_misc":{"Tahmini okuma s\u00fcresi":"1 dakika"},"schema":{"@context":"https:\/\/schema.org","@graph":[{"@type":"WebPage","@id":"https:\/\/divanyapimalzemeleri.com.tr\/index.php\/urun\/3023-izolatex-yari-esnek-su-yalitim-harci\/","url":"https:\/\/divanyapimalzemeleri.com.tr\/index.php\/urun\/3023-izolatex-yari-esnek-su-yalitim-harci\/","name":"3023 \u0130zolatex Yar\u0131 Esnek Su Yal\u0131t\u0131m Harc\u0131 - Divan Yap\u0131 Malzemeleri","isPartOf":{"@id":"https:\/\/divanyapimalzemeleri.com.tr\/#website"},"primaryImageOfPage":{"@id":"https:\/\/divanyapimalzemeleri.com.tr\/index.php\/urun\/3023-izolatex-yari-esnek-su-yalitim-harci\/#primaryimage"},"image":{"@id":"https:\/\/divanyapimalzemeleri.com.tr\/index.php\/urun\/3023-izolatex-yari-esnek-su-yalitim-harci\/#primaryimage"},"thumbnailUrl":"https:\/\/divanyapimalzemeleri.com.tr\/wp-content\/uploads\/2022\/10\/3023izolatexset.png","datePublished":"2022-10-13T10:29:42+00:00","dateModified":"2022-10-13T10:32:23+00:00","breadcrumb":{"@id":"https:\/\/divanyapimalzemeleri.com.tr\/index.php\/urun\/3023-izolatex-yari-esnek-su-yalitim-harci\/#breadcrumb"},"inLanguage":"tr","potentialAction":[{"@type":"ReadAction","target":["https:\/\/divanyapimalzemeleri.com.tr\/index.php\/urun\/3023-izolatex-yari-esnek-su-yalitim-harci\/"]}]},{"@type":"ImageObject","inLanguage":"tr","@id":"https:\/\/divanyapimalzemeleri.com.tr\/index.php\/urun\/3023-izolatex-yari-esnek-su-yalitim-harci\/#primaryimage","url":"https:\/\/divanyapimalzemeleri.com.tr\/wp-content\/uploads\/2022\/10\/3023izolatexset.png","contentUrl":"https:\/\/divanyapimalzemeleri.com.tr\/wp-content\/uploads\/2022\/10\/3023izolatexset.png","width":580,"height":500},{"@type":"BreadcrumbList","@id":"https:\/\/divanyapimalzemeleri.com.tr\/index.php\/urun\/3023-izolatex-yari-esnek-su-yalitim-harci\/#breadcrumb","itemListElement":[{"@type":"ListItem","position":1,"name":"Anasayfa","item":"https:\/\/divanyapimalzemeleri.com.tr\/"},{"@type":"ListItem","position":2,"name":"Ma\u011faza","item":"https:\/\/divanyapimalzemeleri.com.tr\/index.php\/magaza\/"},{"@type":"ListItem","position":3,"name":"3023 \u0130zolatex Yar\u0131 Esnek Su Yal\u0131t\u0131m Harc\u0131"}]},{"@type":"WebSite","@id":"https:\/\/divanyapimalzemeleri.com.tr\/#website","url":"https:\/\/divanyapimalzemeleri.com.tr\/","name":"Divan Yap\u0131 Malzemeleri","description":"Divan Yap\u0131 Malzemeleri Ankara","publisher":{"@id":"https:\/\/divanyapimalzemeleri.com.tr\/#organization"},"alternateName":"Divan Yap\u0131","potentialAction":[{"@type":"SearchAction","target":{"@type":"EntryPoint","urlTemplate":"https:\/\/divanyapimalzemeleri.com.tr\/?s={search_term_string}"},"query-input":{"@type":"PropertyValueSpecification","valueRequired":true,"valueName":"search_term_string"}}],"inLanguage":"tr"},{"@type":"Organization","@id":"https:\/\/divanyapimalzemeleri.com.tr\/#organization","name":"Divan Yap\u0131 Malzemeleri","alternateName":"Divan Yap\u0131","url":"https:\/\/divanyapimalzemeleri.com.tr\/","logo":{"@type":"ImageObject","inLanguage":"tr","@id":"https:\/\/divanyapimalzemeleri.com.tr\/#\/schema\/logo\/image\/","url":"https:\/\/divanyapimalzemeleri.com.tr\/wp-content\/uploads\/2024\/04\/logo-2.png","contentUrl":"https:\/\/divanyapimalzemeleri.com.tr\/wp-content\/uploads\/2024\/04\/logo-2.png","width":675,"height":207,"caption":"Divan Yap\u0131 Malzemeleri"},"image":{"@id":"https:\/\/divanyapimalzemeleri.com.tr\/#\/schema\/logo\/image\/"}}]}},"_links":{"self":[{"href":"https:\/\/divanyapimalzemeleri.com.tr\/index.php\/wp-json\/wp\/v2\/product\/14756","targetHints":{"allow":["GET"]}}],"collection":[{"href":"https:\/\/divanyapimalzemeleri.com.tr\/index.php\/wp-json\/wp\/v2\/product"}],"about":[{"href":"https:\/\/divanyapimalzemeleri.com.tr\/index.php\/wp-json\/wp\/v2\/types\/product"}],"version-history":[{"count":1,"href":"https:\/\/divanyapimalzemeleri.com.tr\/index.php\/wp-json\/wp\/v2\/product\/14756\/revisions"}],"predecessor-version":[{"id":14761,"href":"https:\/\/divanyapimalzemeleri.com.tr\/index.php\/wp-json\/wp\/v2\/product\/14756\/revisions\/14761"}],"wp:featuredmedia":[{"embeddable":true,"href":"https:\/\/divanyapimalzemeleri.com.tr\/index.php\/wp-json\/wp\/v2\/media\/14760"}],"wp:attachment":[{"href":"https:\/\/divanyapimalzemeleri.com.tr\/index.php\/wp-json\/wp\/v2\/media?parent=14756"}],"wp:term":[{"taxonomy":"product_cat","embeddable":true,"href":"https:\/\/divanyapimalzemeleri.com.tr\/index.php\/wp-json\/wp\/v2\/product_cat?post=14756"},{"taxonomy":"product_tag","embeddable":true,"href":"https:\/\/divanyapimalzemeleri.com.tr\/index.php\/wp-json\/wp\/v2\/product_tag?post=14756"}],"curies":[{"name":"wp","href":"https:\/\/api.w.org\/{rel}","templated":true}]}}